{"id":14324,"date":"2022-05-17T10:09:36","date_gmt":"2022-05-17T10:09:36","guid":{"rendered":"https:\/\/direc.dk\/bridge-projects\/"},"modified":"2025-10-16T09:13:28","modified_gmt":"2025-10-16T09:13:28","slug":"bridge-projects","status":"publish","type":"page","link":"https:\/\/direc.dk\/da\/bridge-projects\/","title":{"rendered":"Forsknings- og innovationsprojekter"},"content":{"rendered":"\t\t<div data-elementor-type=\"wp-page\" data-elementor-id=\"14324\" class=\"elementor elementor-14324 elementor-14317\" data-elementor-post-type=\"page\">\n\t\t\t\t\t\t<section data-particle_enable=\"false\" data-particle-mobile-disabled=\"false\" class=\"elementor-section elementor-top-section elementor-element elementor-element-23261ad8 elementor-section-height-min-height elementor-section-items-stretch elementor-section-content-middle elementor-reverse-mobile elementor-reverse-tablet elementor-section-boxed elementor-section-height-default\" data-id=\"23261ad8\" data-element_type=\"section\" data-e-type=\"section\" data-settings=\"{&quot;jet_parallax_layout_list&quot;:[]}\">\n\t\t\t\t\t\t<div class=\"elementor-container elementor-column-gap-no\">\n\t\t\t\t\t<div class=\"elementor-column elementor-col-100 elementor-top-column elementor-element elementor-element-47a4213f\" data-id=\"47a4213f\" data-element_type=\"column\" data-e-type=\"column\">\n\t\t\t<div class=\"elementor-widget-wrap elementor-element-populated\">\n\t\t\t\t\t\t<div class=\"elementor-element elementor-element-bf0767e animated-fast elementor-invisible elementor-widget elementor-widget-heading\" data-id=\"bf0767e\" data-element_type=\"widget\" data-e-type=\"widget\" data-settings=\"{&quot;_animation&quot;:&quot;fadeIn&quot;}\" data-widget_type=\"heading.default\">\n\t\t\t\t<div class=\"elementor-widget-container\">\n\t\t\t\t\t<h1 class=\"elementor-heading-title elementor-size-default\">Forsknings-og innovationsprojekter<\/h1>\t\t\t\t<\/div>\n\t\t\t\t<\/div>\n\t\t\t\t<div class=\"elementor-element elementor-element-b5a10d1 elementor-invisible elementor-widget elementor-widget-text-editor\" data-id=\"b5a10d1\" data-element_type=\"widget\" data-e-type=\"widget\" data-settings=\"{&quot;_animation&quot;:&quot;fadeIn&quot;}\" data-widget_type=\"text-editor.default\">\n\t\t\t\t<div class=\"elementor-widget-container\">\n\t\t\t\t\t\t\t\t\t<p>Vores forsknings- og innovationsprojekter, ogs\u00e5 kaldet Bridge-projekter, er tv\u00e6rg\u00e5ende indsatser ledet af DIREC-forskere i samarbejde virksomheder, det offentlige og GTS-institutter. Det prim\u00e6re form\u00e5l er at \u00f8ge kapaciteten inden for digitalisering og innovation i virksomhederne.<\/p>\n\t\t\t\t\t\t\t\t<\/div>\n\t\t\t\t<\/div>\n\t\t\t\t<div class=\"elementor-element elementor-element-47c5a99 elementor-widget elementor-widget-spacer\" data-id=\"47c5a99\" data-element_type=\"widget\" data-e-type=\"widget\" data-widget_type=\"spacer.default\">\n\t\t\t\t<div class=\"elementor-widget-container\">\n\t\t\t\t\t\t\t<div class=\"elementor-spacer\">\n\t\t\t<div class=\"elementor-spacer-inner\"><\/div>\n\t\t<\/div>\n\t\t\t\t\t\t<\/div>\n\t\t\t\t<\/div>\n\t\t\t\t\t<\/div>\n\t\t<\/div>\n\t\t\t\t\t<\/div>\n\t\t<\/section>\n\t\t\t\t<\/div>\n\t\t","protected":false},"excerpt":{"rendered":"<p>Forsknings-og innovationsprojekter Vores forsknings- og innovationsprojekter, ogs\u00e5 kaldet Bridge-projekter, er tv\u00e6rg\u00e5ende indsatser ledet af DIREC-forskere i samarbejde virksomheder, det offentlige og GTS-institutter. Det prim\u00e6re form\u00e5l er at \u00f8ge kapaciteten inden for digitalisering og innovation i virksomhederne.<\/p>\n","protected":false},"author":3,"featured_media":0,"parent":0,"menu_order":0,"comment_status":"closed","ping_status":"closed","template":"elementor_header_footer","meta":{"footnotes":""},"class_list":["post-14324","page","type-page","status-publish","hentry"],"yoast_head":"<!-- This site is optimized with the Yoast SEO plugin v27.5 - https:\/\/yoast.com\/product\/yoast-seo-wordpress\/ -->\n<title>Forsknings- og innovationsprojekter - DIREC<\/title>\n<meta name=\"robots\" content=\"index, follow, max-snippet:-1, max-image-preview:large, max-video-preview:-1\" \/>\n<link rel=\"canonical\" href=\"https:\/\/direc.dk\/da\/bridge-projects\/\" \/>\n<meta property=\"og:locale\" content=\"da_DK\" \/>\n<meta property=\"og:type\" content=\"article\" \/>\n<meta property=\"og:title\" content=\"Forsknings- og innovationsprojekter - DIREC\" \/>\n<meta property=\"og:description\" content=\"Forsknings-og innovationsprojekter Vores forsknings- og innovationsprojekter, ogs\u00e5 kaldet Bridge-projekter, er tv\u00e6rg\u00e5ende indsatser ledet af DIREC-forskere i samarbejde virksomheder, det offentlige og GTS-institutter. Det prim\u00e6re form\u00e5l er at \u00f8ge kapaciteten inden for digitalisering og innovation i virksomhederne.\" \/>\n<meta property=\"og:url\" content=\"https:\/\/direc.dk\/da\/bridge-projects\/\" \/>\n<meta property=\"og:site_name\" content=\"DIREC\" \/>\n<meta property=\"article:modified_time\" content=\"2025-10-16T09:13:28+00:00\" \/>\n<meta name=\"twitter:card\" content=\"summary_large_image\" \/>\n<meta name=\"twitter:label1\" content=\"Estimeret l\u00e6setid\" \/>\n\t<meta name=\"twitter:data1\" content=\"10 minutter\" \/>\n<script type=\"application\/ld+json\" class=\"yoast-schema-graph\">{\"@context\":\"https:\\\/\\\/schema.org\",\"@graph\":[{\"@type\":\"WebPage\",\"@id\":\"https:\\\/\\\/direc.dk\\\/da\\\/bridge-projects\\\/\",\"url\":\"https:\\\/\\\/direc.dk\\\/da\\\/bridge-projects\\\/\",\"name\":\"Forsknings- og innovationsprojekter - DIREC\",\"isPartOf\":{\"@id\":\"https:\\\/\\\/direc.dk\\\/da\\\/#website\"},\"datePublished\":\"2022-05-17T10:09:36+00:00\",\"dateModified\":\"2025-10-16T09:13:28+00:00\",\"breadcrumb\":{\"@id\":\"https:\\\/\\\/direc.dk\\\/da\\\/bridge-projects\\\/#breadcrumb\"},\"inLanguage\":\"da-DK\",\"potentialAction\":[{\"@type\":\"ReadAction\",\"target\":[\"https:\\\/\\\/direc.dk\\\/da\\\/bridge-projects\\\/\"]}]},{\"@type\":\"BreadcrumbList\",\"@id\":\"https:\\\/\\\/direc.dk\\\/da\\\/bridge-projects\\\/#breadcrumb\",\"itemListElement\":[{\"@type\":\"ListItem\",\"position\":1,\"name\":\"Home\",\"item\":\"https:\\\/\\\/direc.dk\\\/da\\\/\"},{\"@type\":\"ListItem\",\"position\":2,\"name\":\"Forsknings- og innovationsprojekter\"}]},{\"@type\":\"WebSite\",\"@id\":\"https:\\\/\\\/direc.dk\\\/da\\\/#website\",\"url\":\"https:\\\/\\\/direc.dk\\\/da\\\/\",\"name\":\"DIREC\",\"description\":\"Digital Research Centre Denmark\",\"publisher\":{\"@id\":\"https:\\\/\\\/direc.dk\\\/da\\\/#organization\"},\"potentialAction\":[{\"@type\":\"SearchAction\",\"target\":{\"@type\":\"EntryPoint\",\"urlTemplate\":\"https:\\\/\\\/direc.dk\\\/da\\\/?s={search_term_string}\"},\"query-input\":{\"@type\":\"PropertyValueSpecification\",\"valueRequired\":true,\"valueName\":\"search_term_string\"}}],\"inLanguage\":\"da-DK\"},{\"@type\":\"Organization\",\"@id\":\"https:\\\/\\\/direc.dk\\\/da\\\/#organization\",\"name\":\"DIREC\",\"url\":\"https:\\\/\\\/direc.dk\\\/da\\\/\",\"logo\":{\"@type\":\"ImageObject\",\"inLanguage\":\"da-DK\",\"@id\":\"https:\\\/\\\/direc.dk\\\/da\\\/#\\\/schema\\\/logo\\\/image\\\/\",\"url\":\"https:\\\/\\\/direc.dk\\\/wp-content\\\/uploads\\\/2021\\\/02\\\/DIREC_logo_2023_bla.png\",\"contentUrl\":\"https:\\\/\\\/direc.dk\\\/wp-content\\\/uploads\\\/2021\\\/02\\\/DIREC_logo_2023_bla.png\",\"width\":2786,\"height\":786,\"caption\":\"DIREC\"},\"image\":{\"@id\":\"https:\\\/\\\/direc.dk\\\/da\\\/#\\\/schema\\\/logo\\\/image\\\/\"}}]}<\/script>\n<!-- \/ Yoast SEO plugin. -->","yoast_head_json":{"title":"Forsknings- og innovationsprojekter - DIREC","robots":{"index":"index","follow":"follow","max-snippet":"max-snippet:-1","max-image-preview":"max-image-preview:large","max-video-preview":"max-video-preview:-1"},"canonical":"https:\/\/direc.dk\/da\/bridge-projects\/","og_locale":"da_DK","og_type":"article","og_title":"Forsknings- og innovationsprojekter - DIREC","og_description":"Forsknings-og innovationsprojekter Vores forsknings- og innovationsprojekter, ogs\u00e5 kaldet Bridge-projekter, er tv\u00e6rg\u00e5ende indsatser ledet af DIREC-forskere i samarbejde virksomheder, det offentlige og GTS-institutter. Det prim\u00e6re form\u00e5l er at \u00f8ge kapaciteten inden for digitalisering og innovation i virksomhederne.","og_url":"https:\/\/direc.dk\/da\/bridge-projects\/","og_site_name":"DIREC","article_modified_time":"2025-10-16T09:13:28+00:00","twitter_card":"summary_large_image","twitter_misc":{"Estimeret l\u00e6setid":"10 minutter"},"schema":{"@context":"https:\/\/schema.org","@graph":[{"@type":"WebPage","@id":"https:\/\/direc.dk\/da\/bridge-projects\/","url":"https:\/\/direc.dk\/da\/bridge-projects\/","name":"Forsknings- og innovationsprojekter - DIREC","isPartOf":{"@id":"https:\/\/direc.dk\/da\/#website"},"datePublished":"2022-05-17T10:09:36+00:00","dateModified":"2025-10-16T09:13:28+00:00","breadcrumb":{"@id":"https:\/\/direc.dk\/da\/bridge-projects\/#breadcrumb"},"inLanguage":"da-DK","potentialAction":[{"@type":"ReadAction","target":["https:\/\/direc.dk\/da\/bridge-projects\/"]}]},{"@type":"BreadcrumbList","@id":"https:\/\/direc.dk\/da\/bridge-projects\/#breadcrumb","itemListElement":[{"@type":"ListItem","position":1,"name":"Home","item":"https:\/\/direc.dk\/da\/"},{"@type":"ListItem","position":2,"name":"Forsknings- og innovationsprojekter"}]},{"@type":"WebSite","@id":"https:\/\/direc.dk\/da\/#website","url":"https:\/\/direc.dk\/da\/","name":"DIREC","description":"Digital Research Centre Denmark","publisher":{"@id":"https:\/\/direc.dk\/da\/#organization"},"potentialAction":[{"@type":"SearchAction","target":{"@type":"EntryPoint","urlTemplate":"https:\/\/direc.dk\/da\/?s={search_term_string}"},"query-input":{"@type":"PropertyValueSpecification","valueRequired":true,"valueName":"search_term_string"}}],"inLanguage":"da-DK"},{"@type":"Organization","@id":"https:\/\/direc.dk\/da\/#organization","name":"DIREC","url":"https:\/\/direc.dk\/da\/","logo":{"@type":"ImageObject","inLanguage":"da-DK","@id":"https:\/\/direc.dk\/da\/#\/schema\/logo\/image\/","url":"https:\/\/direc.dk\/wp-content\/uploads\/2021\/02\/DIREC_logo_2023_bla.png","contentUrl":"https:\/\/direc.dk\/wp-content\/uploads\/2021\/02\/DIREC_logo_2023_bla.png","width":2786,"height":786,"caption":"DIREC"},"image":{"@id":"https:\/\/direc.dk\/da\/#\/schema\/logo\/image\/"}}]}},"dynamic_page_title":"","dynamic_page_description":"","dynamic_page_partners":"","dynamic_page_scientific_impact":"","dynamic_page_people":"","dynamic_page_project_period":"","dynamic_page_funding":"","dynamic_page_publications":"","dynamic_page_cover_image":"","_links":{"self":[{"href":"https:\/\/direc.dk\/da\/wp-json\/wp\/v2\/pages\/14324","targetHints":{"allow":["GET"]}}],"collection":[{"href":"https:\/\/direc.dk\/da\/wp-json\/wp\/v2\/pages"}],"about":[{"href":"https:\/\/direc.dk\/da\/wp-json\/wp\/v2\/types\/page"}],"author":[{"embeddable":true,"href":"https:\/\/direc.dk\/da\/wp-json\/wp\/v2\/users\/3"}],"replies":[{"embeddable":true,"href":"https:\/\/direc.dk\/da\/wp-json\/wp\/v2\/comments?post=14324"}],"version-history":[{"count":15,"href":"https:\/\/direc.dk\/da\/wp-json\/wp\/v2\/pages\/14324\/revisions"}],"predecessor-version":[{"id":31685,"href":"https:\/\/direc.dk\/da\/wp-json\/wp\/v2\/pages\/14324\/revisions\/31685"}],"wp:attachment":[{"href":"https:\/\/direc.dk\/da\/wp-json\/wp\/v2\/media?parent=14324"}],"curies":[{"name":"wp","href":"https:\/\/api.w.org\/{rel}","templated":true}]}}