{"id":41882,"date":"2026-01-14T09:14:42","date_gmt":"2026-01-14T09:14:42","guid":{"rendered":"https:\/\/direc.dk\/quantum-computing-lecture-series\/"},"modified":"2026-04-14T07:17:24","modified_gmt":"2026-04-14T07:17:24","slug":"quantum-computing-lecture-series","status":"publish","type":"page","link":"https:\/\/direc.dk\/da\/quantum-computing-lecture-series\/","title":{"rendered":"Quantum computing lecture series"},"content":{"rendered":"\t\t<div data-elementor-type=\"wp-page\" data-elementor-id=\"41882\" class=\"elementor elementor-41882 elementor-40397\" data-elementor-post-type=\"page\">\n\t\t\t\t<div data-particle_enable=\"false\" data-particle-mobile-disabled=\"false\" class=\"elementor-element elementor-element-67fb40a e-flex e-con-boxed e-con e-parent\" data-id=\"67fb40a\" data-element_type=\"container\" data-e-type=\"container\" data-settings=\"{&quot;background_background&quot;:&quot;classic&quot;,&quot;jet_parallax_layout_list&quot;:[]}\">\n\t\t\t\t\t<div class=\"e-con-inner\">\n\t\t<div data-particle_enable=\"false\" data-particle-mobile-disabled=\"false\" class=\"elementor-element elementor-element-974f27f e-con-full e-flex e-con e-child\" data-id=\"974f27f\" data-element_type=\"container\" data-e-type=\"container\" data-settings=\"{&quot;jet_parallax_layout_list&quot;:[]}\">\n\t\t<div data-particle_enable=\"false\" data-particle-mobile-disabled=\"false\" class=\"elementor-element elementor-element-be8937a e-con-full e-flex e-con e-child\" data-id=\"be8937a\" data-element_type=\"container\" data-e-type=\"container\" data-settings=\"{&quot;jet_parallax_layout_list&quot;:[]}\">\n\t\t<div data-particle_enable=\"false\" data-particle-mobile-disabled=\"false\" class=\"elementor-element elementor-element-2c60230 e-con-full e-flex e-con e-child\" data-id=\"2c60230\" data-element_type=\"container\" data-e-type=\"container\" data-settings=\"{&quot;jet_parallax_layout_list&quot;:[]}\">\n\t\t\t\t<div class=\"elementor-element elementor-element-177e5cb elementor-widget elementor-widget-text-editor\" data-id=\"177e5cb\" data-element_type=\"widget\" data-e-type=\"widget\" data-widget_type=\"text-editor.default\">\n\t\t\t\t<div class=\"elementor-widget-container\">\n\t\t\t\t\t\t\t\t\t<p>Uddannelse til fremtidens behov<\/p>\n\t\t\t\t\t\t\t\t<\/div>\n\t\t\t\t<\/div>\n\t\t\t\t<div class=\"elementor-element elementor-element-916bc51 animated-fast elementor-invisible elementor-widget elementor-widget-heading\" data-id=\"916bc51\" data-element_type=\"widget\" data-e-type=\"widget\" data-settings=\"{&quot;_animation&quot;:&quot;fadeIn&quot;}\" data-widget_type=\"heading.default\">\n\t\t\t\t<div class=\"elementor-widget-container\">\n\t\t\t\t\t<h1 class=\"elementor-heading-title elementor-size-default\">Kvantecomputing m\u00f8der datalogi<\/h1>\t\t\t\t<\/div>\n\t\t\t\t<\/div>\n\t\t\t\t<div class=\"elementor-element elementor-element-b1aa26e elementor-invisible elementor-widget elementor-widget-text-editor\" data-id=\"b1aa26e\" data-element_type=\"widget\" data-e-type=\"widget\" data-settings=\"{&quot;_animation&quot;:&quot;fadeIn&quot;}\" data-widget_type=\"text-editor.default\">\n\t\t\t\t<div class=\"elementor-widget-container\">\n\t\t\t\t\t\t\t\t\t<p>Et st\u00e6rkt dansk \u00f8kosystem inden for kvanteteknologi kr\u00e6ver ekspertise p\u00e5 tv\u00e6rs af flere fagomr\u00e5der \u2013 alle med en solid forst\u00e5else af kvantecomputing. Dette projekt har til form\u00e5l at styrke kompetencerne inden for kvantecomputing i datalogien.<\/p>\n\t\t\t\t\t\t\t\t<\/div>\n\t\t\t\t<\/div>\n\t\t\t\t<\/div>\n\t\t<div data-particle_enable=\"false\" data-particle-mobile-disabled=\"false\" class=\"elementor-element elementor-element-af9ee0a e-con-full e-flex e-con e-child\" data-id=\"af9ee0a\" data-element_type=\"container\" data-e-type=\"container\" data-settings=\"{&quot;jet_parallax_layout_list&quot;:[]}\">\n\t\t\t\t<\/div>\n\t\t\t\t<\/div>\n\t\t\t\t<\/div>\n\t\t\t\t\t<\/div>\n\t\t\t\t<\/div>\n\t\t<div data-particle_enable=\"false\" data-particle-mobile-disabled=\"false\" class=\"elementor-element elementor-element-edfdf5a e-flex e-con-boxed e-con e-parent\" data-id=\"edfdf5a\" data-element_type=\"container\" data-e-type=\"container\" data-settings=\"{&quot;jet_parallax_layout_list&quot;:[]}\">\n\t\t\t\t\t<div class=\"e-con-inner\">\n\t\t<div data-particle_enable=\"false\" data-particle-mobile-disabled=\"false\" class=\"elementor-element elementor-element-594d99a e-con-full e-flex e-con e-child\" data-id=\"594d99a\" data-element_type=\"container\" data-e-type=\"container\" data-settings=\"{&quot;jet_parallax_layout_list&quot;:[]}\">\n\t\t\t\t<div class=\"elementor-element elementor-element-db1dca1 elementor-invisible elementor-widget elementor-widget-text-editor\" data-id=\"db1dca1\" data-element_type=\"widget\" data-e-type=\"widget\" data-settings=\"{&quot;_animation&quot;:&quot;fadeIn&quot;}\" data-widget_type=\"text-editor.default\">\n\t\t\t\t<div class=\"elementor-widget-container\">\n\t\t\t\t\t\t\t\t\t<p>P\u00e5 denne side finder du en r\u00e6kke forel\u00e6sninger med f\u00f8rende eksperter inden for kvantecomputing og datalogi. Form\u00e5let er at inspirere og uddanne b\u00e5de forskere og studerende.<\/p>\n\t\t\t\t\t\t\t\t<\/div>\n\t\t\t\t<\/div>\n\t\t\t\t<\/div>\n\t\t\t\t\t<\/div>\n\t\t\t\t<\/div>\n\t\t<div data-particle_enable=\"false\" data-particle-mobile-disabled=\"false\" class=\"elementor-element elementor-element-10466ac3 e-flex e-con-boxed e-con e-parent\" data-id=\"10466ac3\" data-element_type=\"container\" data-e-type=\"container\" data-settings=\"{&quot;jet_parallax_layout_list&quot;:[],&quot;background_background&quot;:&quot;classic&quot;}\">\n\t\t\t\t\t<div class=\"e-con-inner\">\n\t\t<div data-particle_enable=\"false\" data-particle-mobile-disabled=\"false\" class=\"elementor-element elementor-element-2f7cf867 e-con-full e-flex e-con e-child\" data-id=\"2f7cf867\" data-element_type=\"container\" data-e-type=\"container\" data-settings=\"{&quot;jet_parallax_layout_list&quot;:[]}\">\n\t\t\t\t<div class=\"elementor-element elementor-element-7960b070 animated-fast elementor-invisible elementor-widget elementor-widget-heading\" data-id=\"7960b070\" data-element_type=\"widget\" data-e-type=\"widget\" data-settings=\"{&quot;_animation&quot;:&quot;fadeIn&quot;}\" data-widget_type=\"heading.default\">\n\t\t\t\t<div class=\"elementor-widget-container\">\n\t\t\t\t\t<h1 class=\"elementor-heading-title elementor-size-default\">Quantum computing LECTURE series 2026<\/h1>\t\t\t\t<\/div>\n\t\t\t\t<\/div>\n\t\t\t\t<\/div>\n\t\t\t\t\t<\/div>\n\t\t\t\t<\/div>\n\t\t<div data-particle_enable=\"false\" data-particle-mobile-disabled=\"false\" class=\"elementor-element elementor-element-27b402a e-flex e-con-boxed e-con e-parent\" data-id=\"27b402a\" data-element_type=\"container\" data-e-type=\"container\" data-settings=\"{&quot;background_background&quot;:&quot;classic&quot;,&quot;jet_parallax_layout_list&quot;:[]}\">\n\t\t\t\t\t<div class=\"e-con-inner\">\n\t\t<div data-particle_enable=\"false\" data-particle-mobile-disabled=\"false\" class=\"elementor-element elementor-element-2a79580 e-con-full e-flex e-con e-child\" data-id=\"2a79580\" data-element_type=\"container\" data-e-type=\"container\" data-settings=\"{&quot;jet_parallax_layout_list&quot;:[]}\">\n\t\t\t\t<div class=\"elementor-element elementor-element-2ea8e5f animated-fast elementor-invisible elementor-widget elementor-widget-heading\" data-id=\"2ea8e5f\" data-element_type=\"widget\" data-e-type=\"widget\" data-settings=\"{&quot;_animation&quot;:&quot;fadeIn&quot;}\" data-widget_type=\"heading.default\">\n\t\t\t\t<div class=\"elementor-widget-container\">\n\t\t\t\t\t<h2 class=\"elementor-heading-title elementor-size-default\">Kontakt<\/h2>\t\t\t\t<\/div>\n\t\t\t\t<\/div>\n\t\t\t\t<div class=\"elementor-element elementor-element-1cd69c1 elementor-widget elementor-widget-text-editor\" data-id=\"1cd69c1\" data-element_type=\"widget\" data-e-type=\"widget\" data-settings=\"{&quot;_animation&quot;:&quot;none&quot;}\" data-widget_type=\"text-editor.default\">\n\t\t\t\t<div class=\"elementor-widget-container\">\n\t\t\t\t\t\t\t\t\t<p>Hvis du har sp\u00f8rgsm\u00e5l, er du meget velkommen til at kontakte Marie Louise Wagner.<\/p>\n\t\t\t\t\t\t\t\t<\/div>\n\t\t\t\t<\/div>\n\t\t<div data-particle_enable=\"false\" data-particle-mobile-disabled=\"false\" class=\"elementor-element elementor-element-ebdab59 e-con-full e-flex e-con e-child\" data-id=\"ebdab59\" data-element_type=\"container\" data-e-type=\"container\" data-settings=\"{&quot;jet_parallax_layout_list&quot;:[]}\">\n\t\t\t\t<div class=\"elementor-element elementor-element-db54f32 eael-fg-card-content-align-left elementor-widget elementor-widget-eael-filterable-gallery\" data-id=\"db54f32\" data-element_type=\"widget\" data-e-type=\"widget\" data-settings=\"{&quot;photo_gallery&quot;:&quot;yes&quot;}\" data-widget_type=\"eael-filterable-gallery.default\">\n\t\t\t\t<div class=\"elementor-widget-container\">\n\t\t\t\t\t<style id=\"eael-fg-inline-css-db54f32\">@media only screen and (max-width: 2399px) {\n\t\t\t\t\t.elementor-element.elementor-element-db54f32 .eael-filterable-gallery-item-wrap {\n\t\t\t\t\t        width: 33.333333333333%;\n\t\t\t\t\t    }\n\t\t\t\t\t}@media only screen and (max-width: 1024px) {\n\t\t\t\t\t.elementor-element.elementor-element-db54f32  .eael-filterable-gallery-item-wrap {\n\t\t\t\t\t        width: 50%;\n\t\t\t\t\t    }\n\t\t\t\t\t}@media only screen and (max-width: 767px) {\n\t\t\t\t\t.elementor-element.elementor-element-db54f32  .eael-filterable-gallery-item-wrap {\n\t\t\t\t\t        width: 100%;\n\t\t\t\t\t    }\n\t\t\t\t\t}<\/style>        <div id=\"eael-filter-gallery-wrapper-db54f32\" class=\"eael-filter-gallery-wrapper\" data-layout-mode=\"card\" data-breakpoints=\"{&quot;mobile&quot;:{&quot;label&quot;:&quot;Mobil enhed, vertikal&quot;,&quot;value&quot;:767,&quot;default_value&quot;:767,&quot;direction&quot;:&quot;max&quot;,&quot;is_enabled&quot;:true},&quot;mobile_extra&quot;:{&quot;label&quot;:&quot;Mobil enhed, horisontal&quot;,&quot;value&quot;:880,&quot;default_value&quot;:880,&quot;direction&quot;:&quot;max&quot;,&quot;is_enabled&quot;:false},&quot;tablet&quot;:{&quot;label&quot;:&quot;Tablet Portrait&quot;,&quot;value&quot;:1024,&quot;default_value&quot;:1024,&quot;direction&quot;:&quot;max&quot;,&quot;is_enabled&quot;:true},&quot;tablet_extra&quot;:{&quot;label&quot;:&quot;Tablet Landscape&quot;,&quot;value&quot;:1200,&quot;default_value&quot;:1200,&quot;direction&quot;:&quot;max&quot;,&quot;is_enabled&quot;:false},&quot;laptop&quot;:{&quot;label&quot;:&quot;B\\u00e6rbar computer&quot;,&quot;value&quot;:1366,&quot;default_value&quot;:1366,&quot;direction&quot;:&quot;max&quot;,&quot;is_enabled&quot;:false},&quot;widescreen&quot;:{&quot;label&quot;:&quot;Widescreen&quot;,&quot;value&quot;:2400,&quot;default_value&quot;:2400,&quot;direction&quot;:&quot;min&quot;,&quot;is_enabled&quot;:false}}\" data-default_control_key=\"0\" data-custom_default_control=\"1\">\n                    <div class=\"eael-filter-gallery-container eael-filter-gallery-grid\" data-images-per-page=\"\" data-total-gallery-items=\"1\" data-nomore-item-text=\"\" data-is-randomize=\"no\" data-settings=\"{&quot;grid_style&quot;:&quot;grid&quot;,&quot;popup&quot;:&quot;buttons&quot;,&quot;duration&quot;:500,&quot;gallery_enabled&quot;:&quot;yes&quot;,&quot;video_gallery_yt_privacy&quot;:&quot;&quot;,&quot;control_all_text&quot;:null,&quot;mobile_scroll_to_top&quot;:&quot;&quot;,&quot;mobile_scroll_offset&quot;:0,&quot;post_id&quot;:41882,&quot;widget_id&quot;:&quot;db54f32&quot;}\" data-search-all=\"\" data-gallery-items=\"WyI8ZGl2IGNsYXNzPVwiZWFlbC1maWx0ZXJhYmxlLWdhbGxlcnktaXRlbS13cmFwIGVhZWwtY2YtbWFyaWUtbG91aXNlLXdhZ25lclwiPlxuXHRcdFx0XHQ8ZGl2IGNsYXNzPVwiZWFlbC1nYWxsZXJ5LWdyaWQtaXRlbVwiPjxkaXYgY2xhc3M9XCJnYWxsZXJ5LWl0ZW0tdGh1bWJuYWlsLXdyYXBcIj48aW1nIHdpZHRoPVwiMzAwXCIgaGVpZ2h0PVwiMjA4XCIgc3JjPVwiaHR0cHM6XC9cL2RpcmVjLmRrXC93cC1jb250ZW50XC91cGxvYWRzXC8yMDI1XC8wOFwvTWFyaWEtTG91aXNlLVdhZ25lci0zMDB4MjA4LmpwZ1wiIGNsYXNzPVwiYXR0YWNobWVudC1tZWRpdW0gc2l6ZS1tZWRpdW0gd3AtaW1hZ2UtMzY1MDFcIiBhbHQ9XCJcIiBzcmNzZXQ9XCJodHRwczpcL1wvZGlyZWMuZGtcL3dwLWNvbnRlbnRcL3VwbG9hZHNcLzIwMjVcLzA4XC9NYXJpYS1Mb3Vpc2UtV2FnbmVyLTMwMHgyMDguanBnIDMwMHcsIGh0dHBzOlwvXC9kaXJlYy5ka1wvd3AtY29udGVudFwvdXBsb2Fkc1wvMjAyNVwvMDhcL01hcmlhLUxvdWlzZS1XYWduZXItNzY4eDUzMy5qcGcgNzY4dywgaHR0cHM6XC9cL2RpcmVjLmRrXC93cC1jb250ZW50XC91cGxvYWRzXC8yMDI1XC8wOFwvTWFyaWEtTG91aXNlLVdhZ25lci5qcGcgODAwd1wiIHNpemVzPVwiKG1heC13aWR0aDogMzAwcHgpIDEwMHZ3LCAzMDBweFwiIFwvPjxkaXYgY2xhc3M9XCJnYWxsZXJ5LWl0ZW0tY2FwdGlvbi13cmFwIGNhcmQtaG92ZXItYmcgY2FwdGlvbi1zdHlsZS1ob3ZlcmVyIFwiPlxuICAgICAgICAgICAgICAgICAgICAgICAgICAgIDxkaXYgY2xhc3M9XCJnYWxsZXJ5LWl0ZW0tYnV0dG9uc1wiPjxcL2Rpdj5cbiAgICAgICAgICAgICAgICAgICAgICAgIDxcL2Rpdj48XC9kaXY+PGRpdiBjbGFzcz1cImdhbGxlcnktaXRlbS1jYXB0aW9uLXdyYXAgY2FwdGlvbi1zdHlsZS1jYXJkIFwiPjxkaXYgY2xhc3M9XCJnYWxsZXJ5LWl0ZW0tY2FwdGlvbi1vdmVyXCI+PGgyIGNsYXNzPVwiZmctaXRlbS10aXRsZVwiPk1hcmllLUxvdWlzZSBXYWduZXI8XC9oMj48ZGl2IGNsYXNzPVwiZmctaXRlbS1jb250ZW50XCI+PHA+PHN0cm9uZz5TZW5pb3IgUHJvamVjdCBNYW5hZ2VyPFwvc3Ryb25nPjxcL3A+XG48cD48YSBocmVmPVwibWFpbHRvOm1hcmllbG91aXNlLndhZ25lckBkaXJlYy5ka1wiPm1hcmllbG91aXNlLndhZ25lckBkaXJlYy5kazxcL2E+PGJyIFwvPis0NSA5MyA1MiAxOSAyNDxcL3A+XG48XC9kaXY+PFwvZGl2PjxcL2Rpdj48XC9kaXY+PFwvZGl2PiJd\" data-init-show=\"100\">\n            <div class=\"eael-filterable-gallery-item-wrap eael-cf-marie-louise-wagner\">\n\t\t\t\t<div class=\"eael-gallery-grid-item\"><div class=\"gallery-item-thumbnail-wrap\"><img fetchpriority=\"high\" decoding=\"async\" width=\"300\" height=\"208\" src=\"https:\/\/direc.dk\/wp-content\/uploads\/2025\/08\/Maria-Louise-Wagner-300x208.jpg\" class=\"attachment-medium size-medium wp-image-36501\" alt=\"\" srcset=\"https:\/\/direc.dk\/wp-content\/uploads\/2025\/08\/Maria-Louise-Wagner-300x208.jpg 300w, https:\/\/direc.dk\/wp-content\/uploads\/2025\/08\/Maria-Louise-Wagner-768x533.jpg 768w, https:\/\/direc.dk\/wp-content\/uploads\/2025\/08\/Maria-Louise-Wagner.jpg 800w\" sizes=\"(max-width: 300px) 100vw, 300px\" \/><div class=\"gallery-item-caption-wrap card-hover-bg caption-style-hoverer \">\n                            <div class=\"gallery-item-buttons\"><\/div>\n                        <\/div><\/div><div class=\"gallery-item-caption-wrap caption-style-card \"><div class=\"gallery-item-caption-over\"><h2 class=\"fg-item-title\">Marie-Louise Wagner<\/h2><div class=\"fg-item-content\"><p><strong>Senior Project Manager<\/strong><\/p>\n<p><a href=\"mailto:marielouise.wagner@direc.dk\">marielouise.wagner@direc.dk<\/a><br \/>+45 93 52 19 24<\/p>\n<\/div><\/div><\/div><\/div><\/div>        <\/div>\n                <\/div>\n        \n        \t\t\t\t<\/div>\n\t\t\t\t<\/div>\n\t\t\t\t<\/div>\n\t\t\t\t<\/div>\n\t\t\t\t\t<\/div>\n\t\t\t\t<\/div>\n\t\t\t\t<\/div>\n\t\t","protected":false},"excerpt":{"rendered":"<p>Et st\u00e6rkt dansk \u00f8kosystem inden for kvanteteknologi kr\u00e6ver ekspertise p\u00e5 tv\u00e6rs af flere fagomr\u00e5der \u2013 alle med en solid forst\u00e5else af kvantecomputing. Dette projekt har til form\u00e5l at styrke kompetencerne inden for kvantecomputing i datalogien.<\/p>\n","protected":false},"author":3,"featured_media":37776,"parent":0,"menu_order":0,"comment_status":"closed","ping_status":"closed","template":"","meta":{"footnotes":""},"class_list":["post-41882","page","type-page","status-publish","has-post-thumbnail","hentry"],"yoast_head":"<!-- This site is optimized with the Yoast SEO plugin v27.5 - https:\/\/yoast.com\/product\/yoast-seo-wordpress\/ -->\n<title>Quantum computing lecture series - DIREC<\/title>\n<meta name=\"robots\" content=\"index, follow, max-snippet:-1, max-image-preview:large, max-video-preview:-1\" \/>\n<link rel=\"canonical\" href=\"https:\/\/direc.dk\/da\/quantum-computing-lecture-series\/\" \/>\n<meta property=\"og:locale\" content=\"da_DK\" \/>\n<meta property=\"og:type\" content=\"article\" \/>\n<meta property=\"og:title\" content=\"Quantum computing lecture series - DIREC\" \/>\n<meta property=\"og:description\" content=\"Et st\u00e6rkt dansk \u00f8kosystem inden for kvanteteknologi kr\u00e6ver ekspertise p\u00e5 tv\u00e6rs af flere fagomr\u00e5der \u2013 alle med en solid forst\u00e5else af kvantecomputing. Dette projekt har til form\u00e5l at styrke kompetencerne inden for kvantecomputing i datalogien.\" \/>\n<meta property=\"og:url\" content=\"https:\/\/direc.dk\/da\/quantum-computing-lecture-series\/\" \/>\n<meta property=\"og:site_name\" content=\"DIREC\" \/>\n<meta property=\"article:modified_time\" content=\"2026-04-14T07:17:24+00:00\" \/>\n<meta property=\"og:image\" content=\"https:\/\/direc.dk\/wp-content\/uploads\/2025\/10\/Quantum-computing-info-meeting.jpg\" \/>\n\t<meta property=\"og:image:width\" content=\"1920\" \/>\n\t<meta property=\"og:image:height\" content=\"1080\" \/>\n\t<meta property=\"og:image:type\" content=\"image\/jpeg\" \/>\n<meta name=\"twitter:card\" content=\"summary_large_image\" \/>\n<meta name=\"twitter:label1\" content=\"Estimeret l\u00e6setid\" \/>\n\t<meta name=\"twitter:data1\" content=\"1 minut\" \/>\n<script type=\"application\/ld+json\" class=\"yoast-schema-graph\">{\"@context\":\"https:\\\/\\\/schema.org\",\"@graph\":[{\"@type\":\"WebPage\",\"@id\":\"https:\\\/\\\/direc.dk\\\/da\\\/quantum-computing-lecture-series\\\/\",\"url\":\"https:\\\/\\\/direc.dk\\\/da\\\/quantum-computing-lecture-series\\\/\",\"name\":\"Quantum computing lecture series - DIREC\",\"isPartOf\":{\"@id\":\"https:\\\/\\\/direc.dk\\\/da\\\/#website\"},\"primaryImageOfPage\":{\"@id\":\"https:\\\/\\\/direc.dk\\\/da\\\/quantum-computing-lecture-series\\\/#primaryimage\"},\"image\":{\"@id\":\"https:\\\/\\\/direc.dk\\\/da\\\/quantum-computing-lecture-series\\\/#primaryimage\"},\"thumbnailUrl\":\"https:\\\/\\\/direc.dk\\\/wp-content\\\/uploads\\\/2025\\\/10\\\/Quantum-computing-info-meeting.jpg\",\"datePublished\":\"2026-01-14T09:14:42+00:00\",\"dateModified\":\"2026-04-14T07:17:24+00:00\",\"breadcrumb\":{\"@id\":\"https:\\\/\\\/direc.dk\\\/da\\\/quantum-computing-lecture-series\\\/#breadcrumb\"},\"inLanguage\":\"da-DK\",\"potentialAction\":[{\"@type\":\"ReadAction\",\"target\":[\"https:\\\/\\\/direc.dk\\\/da\\\/quantum-computing-lecture-series\\\/\"]}]},{\"@type\":\"ImageObject\",\"inLanguage\":\"da-DK\",\"@id\":\"https:\\\/\\\/direc.dk\\\/da\\\/quantum-computing-lecture-series\\\/#primaryimage\",\"url\":\"https:\\\/\\\/direc.dk\\\/wp-content\\\/uploads\\\/2025\\\/10\\\/Quantum-computing-info-meeting.jpg\",\"contentUrl\":\"https:\\\/\\\/direc.dk\\\/wp-content\\\/uploads\\\/2025\\\/10\\\/Quantum-computing-info-meeting.jpg\",\"width\":1920,\"height\":1080},{\"@type\":\"BreadcrumbList\",\"@id\":\"https:\\\/\\\/direc.dk\\\/da\\\/quantum-computing-lecture-series\\\/#breadcrumb\",\"itemListElement\":[{\"@type\":\"ListItem\",\"position\":1,\"name\":\"Home\",\"item\":\"https:\\\/\\\/direc.dk\\\/da\\\/\"},{\"@type\":\"ListItem\",\"position\":2,\"name\":\"Quantum computing lecture series\"}]},{\"@type\":\"WebSite\",\"@id\":\"https:\\\/\\\/direc.dk\\\/da\\\/#website\",\"url\":\"https:\\\/\\\/direc.dk\\\/da\\\/\",\"name\":\"DIREC\",\"description\":\"Digital Research Centre Denmark\",\"publisher\":{\"@id\":\"https:\\\/\\\/direc.dk\\\/da\\\/#organization\"},\"potentialAction\":[{\"@type\":\"SearchAction\",\"target\":{\"@type\":\"EntryPoint\",\"urlTemplate\":\"https:\\\/\\\/direc.dk\\\/da\\\/?s={search_term_string}\"},\"query-input\":{\"@type\":\"PropertyValueSpecification\",\"valueRequired\":true,\"valueName\":\"search_term_string\"}}],\"inLanguage\":\"da-DK\"},{\"@type\":\"Organization\",\"@id\":\"https:\\\/\\\/direc.dk\\\/da\\\/#organization\",\"name\":\"DIREC\",\"url\":\"https:\\\/\\\/direc.dk\\\/da\\\/\",\"logo\":{\"@type\":\"ImageObject\",\"inLanguage\":\"da-DK\",\"@id\":\"https:\\\/\\\/direc.dk\\\/da\\\/#\\\/schema\\\/logo\\\/image\\\/\",\"url\":\"https:\\\/\\\/direc.dk\\\/wp-content\\\/uploads\\\/2021\\\/02\\\/DIREC_logo_2023_bla.png\",\"contentUrl\":\"https:\\\/\\\/direc.dk\\\/wp-content\\\/uploads\\\/2021\\\/02\\\/DIREC_logo_2023_bla.png\",\"width\":2786,\"height\":786,\"caption\":\"DIREC\"},\"image\":{\"@id\":\"https:\\\/\\\/direc.dk\\\/da\\\/#\\\/schema\\\/logo\\\/image\\\/\"}}]}<\/script>\n<!-- \/ Yoast SEO plugin. -->","yoast_head_json":{"title":"Quantum computing lecture series - DIREC","robots":{"index":"index","follow":"follow","max-snippet":"max-snippet:-1","max-image-preview":"max-image-preview:large","max-video-preview":"max-video-preview:-1"},"canonical":"https:\/\/direc.dk\/da\/quantum-computing-lecture-series\/","og_locale":"da_DK","og_type":"article","og_title":"Quantum computing lecture series - DIREC","og_description":"Et st\u00e6rkt dansk \u00f8kosystem inden for kvanteteknologi kr\u00e6ver ekspertise p\u00e5 tv\u00e6rs af flere fagomr\u00e5der \u2013 alle med en solid forst\u00e5else af kvantecomputing. Dette projekt har til form\u00e5l at styrke kompetencerne inden for kvantecomputing i datalogien.","og_url":"https:\/\/direc.dk\/da\/quantum-computing-lecture-series\/","og_site_name":"DIREC","article_modified_time":"2026-04-14T07:17:24+00:00","og_image":[{"width":1920,"height":1080,"url":"https:\/\/direc.dk\/wp-content\/uploads\/2025\/10\/Quantum-computing-info-meeting.jpg","type":"image\/jpeg"}],"twitter_card":"summary_large_image","twitter_misc":{"Estimeret l\u00e6setid":"1 minut"},"schema":{"@context":"https:\/\/schema.org","@graph":[{"@type":"WebPage","@id":"https:\/\/direc.dk\/da\/quantum-computing-lecture-series\/","url":"https:\/\/direc.dk\/da\/quantum-computing-lecture-series\/","name":"Quantum computing lecture series - DIREC","isPartOf":{"@id":"https:\/\/direc.dk\/da\/#website"},"primaryImageOfPage":{"@id":"https:\/\/direc.dk\/da\/quantum-computing-lecture-series\/#primaryimage"},"image":{"@id":"https:\/\/direc.dk\/da\/quantum-computing-lecture-series\/#primaryimage"},"thumbnailUrl":"https:\/\/direc.dk\/wp-content\/uploads\/2025\/10\/Quantum-computing-info-meeting.jpg","datePublished":"2026-01-14T09:14:42+00:00","dateModified":"2026-04-14T07:17:24+00:00","breadcrumb":{"@id":"https:\/\/direc.dk\/da\/quantum-computing-lecture-series\/#breadcrumb"},"inLanguage":"da-DK","potentialAction":[{"@type":"ReadAction","target":["https:\/\/direc.dk\/da\/quantum-computing-lecture-series\/"]}]},{"@type":"ImageObject","inLanguage":"da-DK","@id":"https:\/\/direc.dk\/da\/quantum-computing-lecture-series\/#primaryimage","url":"https:\/\/direc.dk\/wp-content\/uploads\/2025\/10\/Quantum-computing-info-meeting.jpg","contentUrl":"https:\/\/direc.dk\/wp-content\/uploads\/2025\/10\/Quantum-computing-info-meeting.jpg","width":1920,"height":1080},{"@type":"BreadcrumbList","@id":"https:\/\/direc.dk\/da\/quantum-computing-lecture-series\/#breadcrumb","itemListElement":[{"@type":"ListItem","position":1,"name":"Home","item":"https:\/\/direc.dk\/da\/"},{"@type":"ListItem","position":2,"name":"Quantum computing lecture series"}]},{"@type":"WebSite","@id":"https:\/\/direc.dk\/da\/#website","url":"https:\/\/direc.dk\/da\/","name":"DIREC","description":"Digital Research Centre Denmark","publisher":{"@id":"https:\/\/direc.dk\/da\/#organization"},"potentialAction":[{"@type":"SearchAction","target":{"@type":"EntryPoint","urlTemplate":"https:\/\/direc.dk\/da\/?s={search_term_string}"},"query-input":{"@type":"PropertyValueSpecification","valueRequired":true,"valueName":"search_term_string"}}],"inLanguage":"da-DK"},{"@type":"Organization","@id":"https:\/\/direc.dk\/da\/#organization","name":"DIREC","url":"https:\/\/direc.dk\/da\/","logo":{"@type":"ImageObject","inLanguage":"da-DK","@id":"https:\/\/direc.dk\/da\/#\/schema\/logo\/image\/","url":"https:\/\/direc.dk\/wp-content\/uploads\/2021\/02\/DIREC_logo_2023_bla.png","contentUrl":"https:\/\/direc.dk\/wp-content\/uploads\/2021\/02\/DIREC_logo_2023_bla.png","width":2786,"height":786,"caption":"DIREC"},"image":{"@id":"https:\/\/direc.dk\/da\/#\/schema\/logo\/image\/"}}]}},"dynamic_page_title":"","dynamic_page_description":"","dynamic_page_partners":"","dynamic_page_scientific_impact":"","dynamic_page_people":"","dynamic_page_project_period":"","dynamic_page_funding":"","dynamic_page_publications":"","dynamic_page_cover_image":"","_links":{"self":[{"href":"https:\/\/direc.dk\/da\/wp-json\/wp\/v2\/pages\/41882","targetHints":{"allow":["GET"]}}],"collection":[{"href":"https:\/\/direc.dk\/da\/wp-json\/wp\/v2\/pages"}],"about":[{"href":"https:\/\/direc.dk\/da\/wp-json\/wp\/v2\/types\/page"}],"author":[{"embeddable":true,"href":"https:\/\/direc.dk\/da\/wp-json\/wp\/v2\/users\/3"}],"replies":[{"embeddable":true,"href":"https:\/\/direc.dk\/da\/wp-json\/wp\/v2\/comments?post=41882"}],"version-history":[{"count":3,"href":"https:\/\/direc.dk\/da\/wp-json\/wp\/v2\/pages\/41882\/revisions"}],"predecessor-version":[{"id":41985,"href":"https:\/\/direc.dk\/da\/wp-json\/wp\/v2\/pages\/41882\/revisions\/41985"}],"wp:featuredmedia":[{"embeddable":true,"href":"https:\/\/direc.dk\/da\/wp-json\/wp\/v2\/media\/37776"}],"wp:attachment":[{"href":"https:\/\/direc.dk\/da\/wp-json\/wp\/v2\/media?parent=41882"}],"curies":[{"name":"wp","href":"https:\/\/api.w.org\/{rel}","templated":true}]}}